{"id":77,"date":"2020-07-07T04:41:18","date_gmt":"2020-07-07T04:41:18","guid":{"rendered":"http:\/\/bluebell.com.ar\/web\/?page_id=77"},"modified":"2025-06-03T02:16:33","modified_gmt":"2025-06-03T02:16:33","slug":"nosotros","status":"publish","type":"page","link":"https:\/\/bluebell.com.ar\/index.php\/nosotros\/","title":{"rendered":"Nosotros"},"content":{"rendered":"\t\t<div data-elementor-type=\"wp-page\" data-elementor-id=\"77\" class=\"elementor elementor-77\">\n\t\t\t\t\t\t<section class=\"elementor-section elementor-top-section elementor-element elementor-element-ec82431 elementor-section-height-min-height elementor-section-boxed elementor-section-height-default elementor-section-items-middle\" data-id=\"ec82431\" data-element_type=\"section\" data-e-type=\"section\" data-settings=\"{&quot;background_background&quot;:&quot;classic&quot;}\">\n\t\t\t\t\t\t\t<div class=\"elementor-background-overlay\"><\/div>\n\t\t\t\t\t\t\t<div class=\"elementor-container elementor-column-gap-default\">\n\t\t\t\t\t<div class=\"elementor-column elementor-col-100 elementor-top-column elementor-element elementor-element-88aad21\" data-id=\"88aad21\" data-element_type=\"column\" data-e-type=\"column\">\n\t\t\t<div class=\"elementor-widget-wrap elementor-element-populated\">\n\t\t\t\t\t\t<section class=\"elementor-section elementor-inner-section elementor-element elementor-element-53ab1e6 elementor-section-boxed elementor-section-height-default elementor-section-height-default\" data-id=\"53ab1e6\" data-element_type=\"section\" data-e-type=\"section\">\n\t\t\t\t\t\t<div class=\"elementor-container elementor-column-gap-default\">\n\t\t\t\t\t<div class=\"elementor-column elementor-col-100 elementor-inner-column elementor-element elementor-element-835c70b\" data-id=\"835c70b\" data-element_type=\"column\" data-e-type=\"column\">\n\t\t\t<div class=\"elementor-widget-wrap elementor-element-populated\">\n\t\t\t\t\t\t<div class=\"elementor-element elementor-element-025905a elementor-invisible elementor-widget elementor-widget-heading\" data-id=\"025905a\" data-element_type=\"widget\" data-e-type=\"widget\" data-settings=\"{&quot;_animation&quot;:&quot;fadeIn&quot;,&quot;_animation_delay&quot;:100}\" data-widget_type=\"heading.default\">\n\t\t\t\t<div class=\"elementor-widget-container\">\n\t\t\t\t\t<h2 class=\"elementor-heading-title elementor-size-default\">Nosotros<\/h2>\t\t\t\t<\/div>\n\t\t\t\t<\/div>\n\t\t\t\t\t<\/div>\n\t\t<\/div>\n\t\t\t\t\t<\/div>\n\t\t<\/section>\n\t\t\t\t\t<\/div>\n\t\t<\/div>\n\t\t\t\t\t<\/div>\n\t\t<\/section>\n\t\t\t\t<section class=\"elementor-section elementor-top-section elementor-element elementor-element-9cb612f elementor-section-boxed elementor-section-height-default elementor-section-height-default\" data-id=\"9cb612f\" data-element_type=\"section\" data-e-type=\"section\">\n\t\t\t\t\t\t<div class=\"elementor-container elementor-column-gap-default\">\n\t\t\t\t\t<div class=\"elementor-column elementor-col-50 elementor-top-column elementor-element elementor-element-be4f4f2\" data-id=\"be4f4f2\" data-element_type=\"column\" data-e-type=\"column\">\n\t\t\t<div class=\"elementor-widget-wrap elementor-element-populated\">\n\t\t\t\t\t\t<div class=\"elementor-element elementor-element-0f28dd2 elementor-widget elementor-widget-image\" data-id=\"0f28dd2\" data-element_type=\"widget\" data-e-type=\"widget\" data-widget_type=\"image.default\">\n\t\t\t\t<div class=\"elementor-widget-container\">\n\t\t\t\t\t\t\t\t\t\t\t\t\t\t\t<img fetchpriority=\"high\" decoding=\"async\" width=\"768\" height=\"1130\" src=\"https:\/\/bluebell.com.ar\/wp-content\/uploads\/2021\/09\/IMG-20200616-WA0029-768x1130-1.jpg\" class=\"attachment-full size-full wp-image-800\" alt=\"\" srcset=\"https:\/\/bluebell.com.ar\/wp-content\/uploads\/2021\/09\/IMG-20200616-WA0029-768x1130-1.jpg 768w, https:\/\/bluebell.com.ar\/wp-content\/uploads\/2021\/09\/IMG-20200616-WA0029-768x1130-1-204x300.jpg 204w, https:\/\/bluebell.com.ar\/wp-content\/uploads\/2021\/09\/IMG-20200616-WA0029-768x1130-1-696x1024.jpg 696w\" sizes=\"(max-width: 768px) 100vw, 768px\" \/>\t\t\t\t\t\t\t\t\t\t\t\t\t\t\t<\/div>\n\t\t\t\t<\/div>\n\t\t\t\t\t<\/div>\n\t\t<\/div>\n\t\t\t\t<div class=\"elementor-column elementor-col-50 elementor-top-column elementor-element elementor-element-2cd4ecf\" data-id=\"2cd4ecf\" data-element_type=\"column\" data-e-type=\"column\">\n\t\t\t<div class=\"elementor-widget-wrap elementor-element-populated\">\n\t\t\t\t\t\t<div class=\"elementor-element elementor-element-a796cd1 elementor-invisible elementor-widget elementor-widget-heading\" data-id=\"a796cd1\" data-element_type=\"widget\" data-e-type=\"widget\" data-settings=\"{&quot;_animation&quot;:&quot;fadeIn&quot;,&quot;_animation_delay&quot;:150}\" data-widget_type=\"heading.default\">\n\t\t\t\t<div class=\"elementor-widget-container\">\n\t\t\t\t\t<h3 class=\"elementor-heading-title elementor-size-default\">60 A\u00f1os Endulzando la Vida de Tucum\u00e1n: La Historia de Helader\u00edas Blue Bell<\/h3>\t\t\t\t<\/div>\n\t\t\t\t<\/div>\n\t\t\t\t<div class=\"elementor-element elementor-element-5b662448 elementor-invisible elementor-widget elementor-widget-text-editor\" data-id=\"5b662448\" data-element_type=\"widget\" data-e-type=\"widget\" data-settings=\"{&quot;_animation&quot;:&quot;fadeIn&quot;,&quot;_animation_delay&quot;:250}\" data-widget_type=\"text-editor.default\">\n\t\t\t\t<div class=\"elementor-widget-container\">\n\t\t\t\t\t\t\t\t\t<p>En el vibrante coraz\u00f3n de San Miguel de Tucum\u00e1n, un sue\u00f1o dulce naci\u00f3 el 19 de septiembre de 1963. En un modesto local ubicado en 24 de septiembre 628, Helader\u00edas Blue Bell abri\u00f3 sus puertas al mundo, ofreciendo un sabor \u00fanico que pronto conquistar\u00eda los paladares locales.<\/p><p>Con cada helado artesanal, Blue Bell gan\u00f3 un lugar especial en los corazones de los tucumanos. Tan solo un a\u00f1o despu\u00e9s, en 1964, la demanda creciente dio origen a una f\u00e1brica en Av. Avellaneda esquina Av. Sarmiento, marcando el comienzo de una traves\u00eda hacia la excelencia heladera.<\/p><p>El a\u00f1o 1966 presenci\u00f3 un hito significativo con la apertura del emblem\u00e1tico local en 25 de mayo 26, consolidando la presencia de Blue Bell en el paisaje urbano de Tucum\u00e1n. Para 1972, el reconocimiento como l\u00edder indiscutible en helader\u00edas llev\u00f3 a la inauguraci\u00f3n de un moderno punto de venta en Av. Sarmiento 174, acompa\u00f1ado de una f\u00e1brica pionera en tecnolog\u00eda y calidad.<\/p><p>El impulso de la innovaci\u00f3n nunca ces\u00f3. Con el surgimiento de una nueva generaci\u00f3n, Blue Bell ampli\u00f3 su oferta con helados exclusivos y servicios adaptados a las necesidades cambiantes, como los kioscos de helado para eventos y fiestas.<\/p><p>El nuevo milenio trajo consigo desaf\u00edos emocionantes. En 2001, Blue Bell conquist\u00f3 Yerba Buena con un local moderno y acogedor, atrayendo a familias y amantes del helado por igual.\u00a0<\/p>\t\t\t\t\t\t\t\t<\/div>\n\t\t\t\t<\/div>\n\t\t\t\t\t<\/div>\n\t\t<\/div>\n\t\t\t\t\t<\/div>\n\t\t<\/section>\n\t\t\t\t<section class=\"elementor-section elementor-top-section elementor-element elementor-element-2065abf elementor-section-boxed elementor-section-height-default elementor-section-height-default\" data-id=\"2065abf\" data-element_type=\"section\" data-e-type=\"section\">\n\t\t\t\t\t\t<div class=\"elementor-container elementor-column-gap-default\">\n\t\t\t\t\t<div class=\"elementor-column elementor-col-100 elementor-top-column elementor-element elementor-element-ea918c8\" data-id=\"ea918c8\" data-element_type=\"column\" data-e-type=\"column\">\n\t\t\t<div class=\"elementor-widget-wrap elementor-element-populated\">\n\t\t\t\t\t\t<div class=\"elementor-element elementor-element-4492388 elementor-widget__width-inherit elementor-widget elementor-widget-text-editor\" data-id=\"4492388\" data-element_type=\"widget\" data-e-type=\"widget\" data-widget_type=\"text-editor.default\">\n\t\t\t\t<div class=\"elementor-widget-container\">\n\t\t\t\t\t\t\t\t\t<p>La creatividad culinaria alcanz\u00f3 nuevas alturas en abril de 2003, con el lanzamiento de una l\u00ednea de postres revolucionarios, fusionando lo fr\u00edo y lo c\u00e1lido con la maestr\u00eda de la reconocida chef Dolli Irigoyen.<\/p><p>La expansi\u00f3n continu\u00f3, con la apertura de locales adicionales en lugares estrat\u00e9gicos como Lamadrid esq. Bs As. y Mate de Luna 1620, as\u00ed como incursiones en nuevas zonas como Belgrano y Av. Am\u00e9rica, y Pinar 1 en la encantadora Taf\u00ed Viejo. Hoy en d\u00eda, con doce locales entre San Miguel de Tucum\u00e1n, Yerba Buena y Taf\u00ed Viejo, Blue Bell sigue siendo un punto de encuentro para todas las edades y comunidades influyentes.<\/p><p>La llegada de la tercera generaci\u00f3n marc\u00f3 el inicio de una era de innovaci\u00f3n sin l\u00edmites. Desde foodtrucks hasta stands al aire libre, Blue Bell redefine constantemente la experiencia heladera. Remakes de cl\u00e1sicos como los Skarchados, nuevas l\u00edneas de golosinas y tortas, y la emocionante creaci\u00f3n de la l\u00ednea Black Bell, una colecci\u00f3n de tragos con helado, son solo algunos ejemplos del compromiso continuo con la frescura y la originalidad.<\/p><p>Pero m\u00e1s all\u00e1 de los productos, Blue Bell se distingue por su compromiso con la calidad. Desde su inicio, la helader\u00eda ha priorizado materias primas de la m\u00e1s alta calidad, asegurando que cada helado y cada dulce reflejen la esencia pura de Tucum\u00e1n, sin esencias ni estabilizantes.<\/p><p>Con 60 a\u00f1os de historia, Helader\u00edas Blue Bell sigue endulzando la vida de las familias tucumanas, con el firme prop\u00f3sito de hacerlas felices, cuidando cada detalle y ofreciendo lo mejor de s\u00ed misma en cada cucharada.<\/p>\t\t\t\t\t\t\t\t<\/div>\n\t\t\t\t<\/div>\n\t\t\t\t\t<\/div>\n\t\t<\/div>\n\t\t\t\t\t<\/div>\n\t\t<\/section>\n\t\t\t\t<section class=\"elementor-section elementor-top-section elementor-element elementor-element-3c2b34fc elementor-section-boxed elementor-section-height-default elementor-section-height-default\" data-id=\"3c2b34fc\" data-element_type=\"section\" data-e-type=\"section\" data-settings=\"{&quot;background_background&quot;:&quot;classic&quot;}\">\n\t\t\t\t\t\t\t<div class=\"elementor-background-overlay\"><\/div>\n\t\t\t\t\t\t\t<div class=\"elementor-container elementor-column-gap-default\">\n\t\t\t\t\t<div class=\"elementor-column elementor-col-100 elementor-top-column elementor-element elementor-element-49b97d0e\" data-id=\"49b97d0e\" data-element_type=\"column\" data-e-type=\"column\">\n\t\t\t<div class=\"elementor-widget-wrap elementor-element-populated\">\n\t\t\t\t\t\t<div class=\"elementor-element elementor-element-c859c54 elementor-view-default elementor-widget elementor-widget-icon\" data-id=\"c859c54\" data-element_type=\"widget\" data-e-type=\"widget\" data-widget_type=\"icon.default\">\n\t\t\t\t<div class=\"elementor-widget-container\">\n\t\t\t\t\t\t\t<div class=\"elementor-icon-wrapper\">\n\t\t\t<div class=\"elementor-icon\">\n\t\t\t<i aria-hidden=\"true\" class=\"fas fa-quote-right\"><\/i>\t\t\t<\/div>\n\t\t<\/div>\n\t\t\t\t\t\t<\/div>\n\t\t\t\t<\/div>\n\t\t\t\t<div class=\"elementor-element elementor-element-bf7101d elementor-widget elementor-widget-text-editor\" data-id=\"bf7101d\" data-element_type=\"widget\" data-e-type=\"widget\" data-widget_type=\"text-editor.default\">\n\t\t\t\t<div class=\"elementor-widget-container\">\n\t\t\t\t\t\t\t\t\t<h2 style=\"text-align: center;\"><span style=\"color: #999999;\"><em>60 a\u00f1os de innovaci\u00f3n y calidad, para hacerte feliz.<\/em><\/span><\/h2>\t\t\t\t\t\t\t\t<\/div>\n\t\t\t\t<\/div>\n\t\t\t\t\t<\/div>\n\t\t<\/div>\n\t\t\t\t\t<\/div>\n\t\t<\/section>\n\t\t\t\t<section class=\"elementor-section elementor-top-section elementor-element elementor-element-85dd70a elementor-section-content-middle elementor-section-boxed elementor-section-height-default elementor-section-height-default\" data-id=\"85dd70a\" data-element_type=\"section\" data-e-type=\"section\" data-settings=\"{&quot;background_background&quot;:&quot;classic&quot;}\">\n\t\t\t\t\t\t<div class=\"elementor-container elementor-column-gap-default\">\n\t\t\t\t\t<div class=\"elementor-column elementor-col-50 elementor-top-column elementor-element elementor-element-31f88ec\" data-id=\"31f88ec\" data-element_type=\"column\" data-e-type=\"column\">\n\t\t\t<div class=\"elementor-widget-wrap elementor-element-populated\">\n\t\t\t\t\t\t<div class=\"elementor-element elementor-element-0693a36 elementor-widget elementor-widget-text-editor\" data-id=\"0693a36\" data-element_type=\"widget\" data-e-type=\"widget\" data-widget_type=\"text-editor.default\">\n\t\t\t\t<div class=\"elementor-widget-container\">\n\t\t\t\t\t\t\t\t\t<p>Copyright \u00a9 2022 Blue Bell<\/p>\t\t\t\t\t\t\t\t<\/div>\n\t\t\t\t<\/div>\n\t\t\t\t\t<\/div>\n\t\t<\/div>\n\t\t\t\t<div class=\"elementor-column elementor-col-50 elementor-top-column elementor-element elementor-element-a5b1f52\" data-id=\"a5b1f52\" data-element_type=\"column\" data-e-type=\"column\">\n\t\t\t<div class=\"elementor-widget-wrap elementor-element-populated\">\n\t\t\t\t\t\t<div class=\"elementor-element elementor-element-09fd035 e-grid-align-right elementor-shape-rounded elementor-grid-0 elementor-widget elementor-widget-social-icons\" data-id=\"09fd035\" data-element_type=\"widget\" data-e-type=\"widget\" data-widget_type=\"social-icons.default\">\n\t\t\t\t<div class=\"elementor-widget-container\">\n\t\t\t\t\t\t\t<div class=\"elementor-social-icons-wrapper elementor-grid\" role=\"list\">\n\t\t\t\t\t\t\t<span class=\"elementor-grid-item\" role=\"listitem\">\n\t\t\t\t\t<a class=\"elementor-icon elementor-social-icon elementor-social-icon-facebook-f elementor-repeater-item-015e105\" href=\"https:\/\/www.facebook.com\/heladeriasbluebell\/\" target=\"_blank\">\n\t\t\t\t\t\t<span class=\"elementor-screen-only\">Facebook-f<\/span>\n\t\t\t\t\t\t<i aria-hidden=\"true\" class=\"fab fa-facebook-f\"><\/i>\t\t\t\t\t<\/a>\n\t\t\t\t<\/span>\n\t\t\t\t\t\t\t<span class=\"elementor-grid-item\" role=\"listitem\">\n\t\t\t\t\t<a class=\"elementor-icon elementor-social-icon elementor-social-icon-instagram elementor-repeater-item-21eca7f\" href=\"https:\/\/www.instagram.com\/heladeriabluebell\" target=\"_blank\">\n\t\t\t\t\t\t<span class=\"elementor-screen-only\">Instagram<\/span>\n\t\t\t\t\t\t<i aria-hidden=\"true\" class=\"fab fa-instagram\"><\/i>\t\t\t\t\t<\/a>\n\t\t\t\t<\/span>\n\t\t\t\t\t\t\t<span class=\"elementor-grid-item\" role=\"listitem\">\n\t\t\t\t\t<a class=\"elementor-icon elementor-social-icon elementor-social-icon-tiktok elementor-repeater-item-6d50921\" href=\"https:\/\/vm.tiktok.com\/ZMN2sHHCY\/\" target=\"_blank\">\n\t\t\t\t\t\t<span class=\"elementor-screen-only\">Tiktok<\/span>\n\t\t\t\t\t\t<i aria-hidden=\"true\" class=\"fab fa-tiktok\"><\/i>\t\t\t\t\t<\/a>\n\t\t\t\t<\/span>\n\t\t\t\t\t<\/div>\n\t\t\t\t\t\t<\/div>\n\t\t\t\t<\/div>\n\t\t\t\t\t<\/div>\n\t\t<\/div>\n\t\t\t\t\t<\/div>\n\t\t<\/section>\n\t\t\t\t<\/div>\n\t\t","protected":false},"excerpt":{"rendered":"<p>Nosotros 60 A\u00f1os Endulzando la Vida de Tucum\u00e1n: La Historia de Helader\u00edas Blue Bell En el vibrante coraz\u00f3n de San Miguel de Tucum\u00e1n, un sue\u00f1o dulce naci\u00f3 el 19 de septiembre de 1963. En un modesto local ubicado en 24 de septiembre 628, Helader\u00edas Blue Bell abri\u00f3 sus puertas al mundo, ofreciendo un sabor \u00fanico [&hellip;]<\/p>\n","protected":false},"author":1,"featured_media":0,"parent":0,"menu_order":0,"comment_status":"closed","ping_status":"closed","template":"","meta":{"site-sidebar-layout":"no-sidebar","site-content-layout":"page-builder","ast-site-content-layout":"default","site-content-style":"default","site-sidebar-style":"default","ast-global-header-display":"","ast-banner-title-visibility":"","ast-main-header-display":"","ast-hfb-above-header-display":"","ast-hfb-below-header-display":"","ast-hfb-mobile-header-display":"","site-post-title":"disabled","ast-breadcrumbs-content":"","ast-featured-img":"disabled","footer-sml-layout":"","ast-disable-related-posts":"","theme-transparent-header-meta":"default","adv-header-id-meta":"","stick-header-meta":"","header-above-stick-meta":"","header-main-stick-meta":"","header-below-stick-meta":"","astra-migrate-meta-layouts":"default","ast-page-background-enabled":"default","ast-page-background-meta":{"desktop":{"background-color":"","background-image":"","background-repeat":"repeat","background-position":"center center","background-size":"auto","background-attachment":"scroll","background-type":"","background-media":"","overlay-type":"","overlay-color":"","overlay-opacity":"","overlay-gradient":""},"tablet":{"background-color":"","background-image":"","background-repeat":"repeat","background-position":"center center","background-size":"auto","background-attachment":"scroll","background-type":"","background-media":"","overlay-type":"","overlay-color":"","overlay-opacity":"","overlay-gradient":""},"mobile":{"background-color":"","background-image":"","background-repeat":"repeat","background-position":"center center","background-size":"auto","background-attachment":"scroll","background-type":"","background-media":"","overlay-type":"","overlay-color":"","overlay-opacity":"","overlay-gradient":""}},"ast-content-background-meta":{"desktop":{"background-color":"var(--ast-global-color-5)","background-image":"","background-repeat":"repeat","background-position":"center center","background-size":"auto","background-attachment":"scroll","background-type":"","background-media":"","overlay-type":"","overlay-color":"","overlay-opacity":"","overlay-gradient":""},"tablet":{"background-color":"var(--ast-global-color-5)","background-image":"","background-repeat":"repeat","background-position":"center center","background-size":"auto","background-attachment":"scroll","background-type":"","background-media":"","overlay-type":"","overlay-color":"","overlay-opacity":"","overlay-gradient":""},"mobile":{"background-color":"var(--ast-global-color-5)","background-image":"","background-repeat":"repeat","background-position":"center center","background-size":"auto","background-attachment":"scroll","background-type":"","background-media":"","overlay-type":"","overlay-color":"","overlay-opacity":"","overlay-gradient":""}},"footnotes":""},"class_list":["post-77","page","type-page","status-publish","hentry"],"_links":{"self":[{"href":"https:\/\/bluebell.com.ar\/index.php\/wp-json\/wp\/v2\/pages\/77","targetHints":{"allow":["GET"]}}],"collection":[{"href":"https:\/\/bluebell.com.ar\/index.php\/wp-json\/wp\/v2\/pages"}],"about":[{"href":"https:\/\/bluebell.com.ar\/index.php\/wp-json\/wp\/v2\/types\/page"}],"author":[{"embeddable":true,"href":"https:\/\/bluebell.com.ar\/index.php\/wp-json\/wp\/v2\/users\/1"}],"replies":[{"embeddable":true,"href":"https:\/\/bluebell.com.ar\/index.php\/wp-json\/wp\/v2\/comments?post=77"}],"version-history":[{"count":141,"href":"https:\/\/bluebell.com.ar\/index.php\/wp-json\/wp\/v2\/pages\/77\/revisions"}],"predecessor-version":[{"id":1560,"href":"https:\/\/bluebell.com.ar\/index.php\/wp-json\/wp\/v2\/pages\/77\/revisions\/1560"}],"wp:attachment":[{"href":"https:\/\/bluebell.com.ar\/index.php\/wp-json\/wp\/v2\/media?parent=77"}],"curies":[{"name":"wp","href":"https:\/\/api.w.org\/{rel}","templated":true}]}}