{"id":1365,"date":"2020-06-23T01:23:21","date_gmt":"2020-06-23T01:23:21","guid":{"rendered":"https:\/\/lranet.com.ar\/catalogo\/?post_type=product&#038;p=1365"},"modified":"2026-03-08T02:50:59","modified_gmt":"2026-03-08T02:50:59","slug":"bombon-escoces","status":"publish","type":"product","link":"https:\/\/bluebell.com.ar\/carta\/product\/bombon-escoces\/","title":{"rendered":"Bomb\u00f3n Escoc\u00e9s Tradicional"},"content":{"rendered":"<ul>\n<li>Crema helada sabor americana.<\/li>\n<li>Coraz\u00f3n de dulce de leche con pralin\u00e9 de almendras.<\/li>\n<li>Ba\u00f1ado en chocolate semi amargo.<\/li>\n<\/ul>\n","protected":false},"excerpt":{"rendered":"<p>Crema helada sabor americana. Coraz\u00f3n de dulce de leche con pralin\u00e9 de almendras. Ba\u00f1ado en chocolate semi amargo.<\/p>\n","protected":false},"featured_media":2327,"template":"","meta":{"_uag_custom_page_level_css":"","_kad_post_transparent":"default","_kad_post_title":"","_kad_post_layout":"default","_kad_post_sidebar_id":"","_kad_post_content_style":"default","_kad_post_vertical_padding":"default","_kad_post_feature":"","_kad_post_feature_position":"","_kad_post_header":false,"_kad_post_footer":false,"_kad_post_classname":""},"product_brand":[],"product_cat":[34],"product_tag":[],"class_list":{"0":"post-1365","1":"product","2":"type-product","3":"status-publish","4":"has-post-thumbnail","6":"product_cat-postres","8":"first","9":"instock","10":"shipping-taxable","11":"purchasable","12":"product-type-simple","13":"entry","14":"content-bg","15":"loop-entry"},"uagb_featured_image_src":{"full":["https:\/\/bluebell.com.ar\/carta\/wp-content\/uploads\/bombon_t.jpg",1280,853,false],"thumbnail":["https:\/\/bluebell.com.ar\/carta\/wp-content\/uploads\/bombon_t-150x150.jpg",150,150,true],"medium":["https:\/\/bluebell.com.ar\/carta\/wp-content\/uploads\/bombon_t-300x200.jpg",300,200,true],"medium_large":["https:\/\/bluebell.com.ar\/carta\/wp-content\/uploads\/bombon_t-768x512.jpg",768,512,true],"large":["https:\/\/bluebell.com.ar\/carta\/wp-content\/uploads\/bombon_t-1024x682.jpg",1024,682,true],"1536x1536":["https:\/\/bluebell.com.ar\/carta\/wp-content\/uploads\/bombon_t.jpg",1280,853,false],"2048x2048":["https:\/\/bluebell.com.ar\/carta\/wp-content\/uploads\/bombon_t.jpg",1280,853,false],"woocommerce_thumbnail":["https:\/\/bluebell.com.ar\/carta\/wp-content\/uploads\/bombon_t-300x300.jpg",300,300,true],"woocommerce_single":["https:\/\/bluebell.com.ar\/carta\/wp-content\/uploads\/bombon_t-600x400.jpg",600,400,true],"woocommerce_gallery_thumbnail":["https:\/\/bluebell.com.ar\/carta\/wp-content\/uploads\/bombon_t-100x100.jpg",100,100,true]},"uagb_author_info":{"display_name":"bluebell","author_link":"https:\/\/bluebell.com.ar\/carta\/author\/"},"uagb_comment_info":0,"uagb_excerpt":"Crema helada sabor americana. Coraz\u00f3n de dulce de leche con pralin\u00e9 de almendras. Ba\u00f1ado en chocolate semi amargo.","_links":{"self":[{"href":"https:\/\/bluebell.com.ar\/carta\/wp-json\/wp\/v2\/product\/1365","targetHints":{"allow":["GET"]}}],"collection":[{"href":"https:\/\/bluebell.com.ar\/carta\/wp-json\/wp\/v2\/product"}],"about":[{"href":"https:\/\/bluebell.com.ar\/carta\/wp-json\/wp\/v2\/types\/product"}],"wp:featuredmedia":[{"embeddable":true,"href":"https:\/\/bluebell.com.ar\/carta\/wp-json\/wp\/v2\/media\/2327"}],"wp:attachment":[{"href":"https:\/\/bluebell.com.ar\/carta\/wp-json\/wp\/v2\/media?parent=1365"}],"wp:term":[{"taxonomy":"product_brand","embeddable":true,"href":"https:\/\/bluebell.com.ar\/carta\/wp-json\/wp\/v2\/product_brand?post=1365"},{"taxonomy":"product_cat","embeddable":true,"href":"https:\/\/bluebell.com.ar\/carta\/wp-json\/wp\/v2\/product_cat?post=1365"},{"taxonomy":"product_tag","embeddable":true,"href":"https:\/\/bluebell.com.ar\/carta\/wp-json\/wp\/v2\/product_tag?post=1365"}],"curies":[{"name":"wp","href":"https:\/\/api.w.org\/{rel}","templated":true}]}}