{"id":1336,"date":"2020-06-22T02:52:54","date_gmt":"2020-06-22T02:52:54","guid":{"rendered":"https:\/\/lranet.com.ar\/catalogo\/?post_type=product&#038;p=1336"},"modified":"2026-03-08T03:15:21","modified_gmt":"2026-03-08T03:15:21","slug":"espumon-frutilla","status":"publish","type":"product","link":"https:\/\/bluebell.com.ar\/carta\/product\/espumon-frutilla\/","title":{"rendered":"Espum\u00f3n Frutilla"},"content":{"rendered":"<p>Postre sobre base de pionono, de crema helada de frutillas, con coraz\u00f3n de frutillas confitadas, decorado, con pur\u00e9\u00a0 dulce de frutillas, con copones crema chantilly\u00a0 y frutillas enteras.<\/p>\n","protected":false},"excerpt":{"rendered":"<p><strong>Porci\u00f3n individual:<\/strong> $13.700<\/p>\n<p><strong>Por 8 porciones:<\/strong> $65.500<\/p>\n","protected":false},"featured_media":1737,"template":"","meta":{"_uag_custom_page_level_css":"","_kad_post_transparent":"default","_kad_post_title":"","_kad_post_layout":"default","_kad_post_sidebar_id":"","_kad_post_content_style":"default","_kad_post_vertical_padding":"default","_kad_post_feature":"","_kad_post_feature_position":"","_kad_post_header":false,"_kad_post_footer":false,"_kad_post_classname":""},"product_brand":[],"product_cat":[34],"product_tag":[],"class_list":{"0":"post-1336","1":"product","2":"type-product","3":"status-publish","4":"has-post-thumbnail","6":"product_cat-postres","8":"first","9":"instock","10":"shipping-taxable","11":"purchasable","12":"product-type-simple","13":"entry","14":"content-bg","15":"loop-entry"},"uagb_featured_image_src":{"full":["https:\/\/bluebell.com.ar\/carta\/wp-content\/uploads\/espumonFRU1.jpg",1000,1000,false],"thumbnail":["https:\/\/bluebell.com.ar\/carta\/wp-content\/uploads\/espumonFRU1-150x150.jpg",150,150,true],"medium":["https:\/\/bluebell.com.ar\/carta\/wp-content\/uploads\/espumonFRU1-300x300.jpg",300,300,true],"medium_large":["https:\/\/bluebell.com.ar\/carta\/wp-content\/uploads\/espumonFRU1-768x768.jpg",768,768,true],"large":["https:\/\/bluebell.com.ar\/carta\/wp-content\/uploads\/espumonFRU1.jpg",1000,1000,false],"1536x1536":["https:\/\/bluebell.com.ar\/carta\/wp-content\/uploads\/espumonFRU1.jpg",1000,1000,false],"2048x2048":["https:\/\/bluebell.com.ar\/carta\/wp-content\/uploads\/espumonFRU1.jpg",1000,1000,false],"woocommerce_thumbnail":["https:\/\/bluebell.com.ar\/carta\/wp-content\/uploads\/espumonFRU1-300x300.jpg",300,300,true],"woocommerce_single":["https:\/\/bluebell.com.ar\/carta\/wp-content\/uploads\/espumonFRU1-600x600.jpg",600,600,true],"woocommerce_gallery_thumbnail":["https:\/\/bluebell.com.ar\/carta\/wp-content\/uploads\/espumonFRU1-100x100.jpg",100,100,true]},"uagb_author_info":{"display_name":"bluebell","author_link":"https:\/\/bluebell.com.ar\/carta\/author\/"},"uagb_comment_info":0,"uagb_excerpt":"Porci\u00f3n individual: $13.700 Por 8 porciones: $65.500","_links":{"self":[{"href":"https:\/\/bluebell.com.ar\/carta\/wp-json\/wp\/v2\/product\/1336","targetHints":{"allow":["GET"]}}],"collection":[{"href":"https:\/\/bluebell.com.ar\/carta\/wp-json\/wp\/v2\/product"}],"about":[{"href":"https:\/\/bluebell.com.ar\/carta\/wp-json\/wp\/v2\/types\/product"}],"wp:featuredmedia":[{"embeddable":true,"href":"https:\/\/bluebell.com.ar\/carta\/wp-json\/wp\/v2\/media\/1737"}],"wp:attachment":[{"href":"https:\/\/bluebell.com.ar\/carta\/wp-json\/wp\/v2\/media?parent=1336"}],"wp:term":[{"taxonomy":"product_brand","embeddable":true,"href":"https:\/\/bluebell.com.ar\/carta\/wp-json\/wp\/v2\/product_brand?post=1336"},{"taxonomy":"product_cat","embeddable":true,"href":"https:\/\/bluebell.com.ar\/carta\/wp-json\/wp\/v2\/product_cat?post=1336"},{"taxonomy":"product_tag","embeddable":true,"href":"https:\/\/bluebell.com.ar\/carta\/wp-json\/wp\/v2\/product_tag?post=1336"}],"curies":[{"name":"wp","href":"https:\/\/api.w.org\/{rel}","templated":true}]}}